{"id":1146,"date":"2024-12-09T08:37:34","date_gmt":"2024-12-09T08:37:34","guid":{"rendered":"https:\/\/www.pinteritsch.at\/?page_id=1146"},"modified":"2024-12-09T08:51:35","modified_gmt":"2024-12-09T08:51:35","slug":"ueber-mich","status":"publish","type":"page","link":"https:\/\/www.pinteritsch.at\/?page_id=1146","title":{"rendered":"\u00dcber mich"},"content":{"rendered":"\t\t<div data-elementor-type=\"wp-page\" data-elementor-id=\"1146\" class=\"elementor elementor-1146\">\n\t\t\t\t<div class=\"elementor-element elementor-element-bb629f5 e-flex e-con-boxed e-con e-parent\" data-id=\"bb629f5\" data-element_type=\"container\">\n\t\t\t\t\t<div class=\"e-con-inner\">\n\t\t<div class=\"elementor-element elementor-element-db35783 e-con-full e-flex e-con e-child\" data-id=\"db35783\" data-element_type=\"container\">\n\t\t\t\t<div class=\"elementor-element elementor-element-f5f446c elementor-widget elementor-widget-image\" data-id=\"f5f446c\" data-element_type=\"widget\" data-widget_type=\"image.default\">\n\t\t\t\t<div class=\"elementor-widget-container\">\n\t\t\t\t\t\t\t\t\t\t\t\t\t\t<a href=\"http:\/\/www.pinteritsch.at\/wp-content\/uploads\/2024\/12\/Logofot_oT-Kopie.jpg\" data-elementor-open-lightbox=\"yes\" data-elementor-lightbox-title=\"Logofot_oT Kopie\" data-e-action-hash=\"#elementor-action%3Aaction%3Dlightbox%26settings%3DeyJpZCI6MTE2MCwidXJsIjoiaHR0cHM6XC9cL3d3dy5waW50ZXJpdHNjaC5hdFwvd3AtY29udGVudFwvdXBsb2Fkc1wvMjAyNFwvMTJcL0xvZ29mb3Rfb1QtS29waWUuanBnIn0%3D\">\n\t\t\t\t\t\t\t<img fetchpriority=\"high\" decoding=\"async\" width=\"294\" height=\"300\" src=\"https:\/\/www.pinteritsch.at\/wp-content\/uploads\/2024\/12\/Logofot_oT-Kopie-294x300.jpg\" class=\"attachment-medium size-medium wp-image-1160\" alt=\"\" srcset=\"https:\/\/www.pinteritsch.at\/wp-content\/uploads\/2024\/12\/Logofot_oT-Kopie-294x300.jpg 294w, https:\/\/www.pinteritsch.at\/wp-content\/uploads\/2024\/12\/Logofot_oT-Kopie-768x783.jpg 768w, https:\/\/www.pinteritsch.at\/wp-content\/uploads\/2024\/12\/Logofot_oT-Kopie.jpg 796w\" sizes=\"(max-width: 294px) 100vw, 294px\" \/>\t\t\t\t\t\t\t\t<\/a>\n\t\t\t\t\t\t\t\t\t\t\t\t\t<\/div>\n\t\t\t\t<\/div>\n\t\t\t\t<\/div>\n\t\t<div class=\"elementor-element elementor-element-ced5c20 e-con-full e-flex e-con e-child\" data-id=\"ced5c20\" data-element_type=\"container\">\n\t\t\t\t<div class=\"elementor-element elementor-element-ed4fad8 elementor-widget elementor-widget-text-editor\" data-id=\"ed4fad8\" data-element_type=\"widget\" data-widget_type=\"text-editor.default\">\n\t\t\t\t<div class=\"elementor-widget-container\">\n\t\t\t\t\t\t\t<p>\u00a0<\/p><p>\u00a0<\/p><p>\u00a0<\/p><p><span style=\"color: #000000;\">Friedrich Pinteritsch, geboren 1950, ist ein \u00f6sterreichischer Dichter, der sowohl in der Lyrik als auch in der Mundart aktiv ist.<\/span><\/p>\t\t\t\t\t\t<\/div>\n\t\t\t\t<\/div>\n\t\t\t\t<\/div>\n\t\t\t\t\t<\/div>\n\t\t\t\t<\/div>\n\t\t<div class=\"elementor-element elementor-element-aa9d3e7 e-flex e-con-boxed e-con e-parent\" data-id=\"aa9d3e7\" data-element_type=\"container\">\n\t\t\t\t\t<div class=\"e-con-inner\">\n\t\t\t\t<div class=\"elementor-element elementor-element-cd803b8 elementor-widget elementor-widget-text-editor\" data-id=\"cd803b8\" data-element_type=\"widget\" data-widget_type=\"text-editor.default\">\n\t\t\t\t<div class=\"elementor-widget-container\">\n\t\t\t\t\t\t\t<p><span style=\"color: #000000;\"><strong>Lyrik und Mundart<\/strong><\/span><\/p><p><span style=\"color: #000000;\">Pinteritsch nutzt die Mundart als ein zentrales Element in seiner Dichtung, was ihm erm\u00f6glicht, eine authentische Verbindung zu seinen Lesern herzustellen. Seine Gedichte sind oft gepr\u00e4gt von einem spielerischen Umgang mit Sprache und einem tiefen Verst\u00e4ndnis f\u00fcr die lokale Kultur. Dies zeigt sich beispielsweise in seinen Auftritten bei Veranstaltungen wie &#8220;BurgGel\u00e4chter&#8221; in der Herzogburg St.Veit, wo er zusammen mit anderen K\u00fcnstlern auftritt und sein Talent f\u00fcr humorvolle Darbietungen pr\u00e4sentiert<\/span><\/p><p><span style=\"color: #000000;\"><strong>Literarisches Schaffen<\/strong><\/span><\/p><p><span style=\"color: #000000;\">Neben seiner lyrischen Arbeit hat Pinteritsch auch mehrere B\u00fccher ver\u00f6ffentlicht, die sich mit verschiedenen Aspekten des Kochens besch\u00e4ftigen. Er ist gepr\u00fcfter Di\u00e4tkoch und Experte f\u00fcr das Kochen mit Speisehanf, was ihm eine einzigartige Perspektive auf die Verbindung zwischen Kulinarik und Literatur bietet. Seine Werke kombinieren oft praktische Kochanleitungen mit literarischen Elementen, wodurch er seine Leidenschaft f\u00fcr beide Bereiche zum Ausdruck bringt.<\/span><\/p><p><span style=\"color: #000000;\"><strong>Einfluss und Rezeption<\/strong><\/span><\/p><p><span style=\"color: #000000;\">Pinteritschs Einfluss erstreckt sich \u00fcber die Grenzen K\u00e4rntens hinaus. Seine F\u00e4higkeit, regionale Themen universell verst\u00e4ndlich zu machen, hat ihm eine treue Leserschaft eingebracht. Die Verwendung von Dialekt in seinen Texten tr\u00e4gt dazu bei, ein Gef\u00fchl von Heimat und Identit\u00e4t zu vermitteln, was besonders in der heutigen Zeit von Bedeutung ist1<\/span><\/p><p><span style=\"color: #000000;\">. Insgesamt ist Friedrich Pinteritsch ein vielseitiger K\u00fcnstler, dessen Werke sowohl literarisch als auch kulinarisch ansprechend sind. Sein Beitrag zur Mundartdichtung und zur K\u00e4rntner Literatur wird weiterhin gesch\u00e4tzt und gef\u00f6rdert.<\/span><\/p>\t\t\t\t\t\t<\/div>\n\t\t\t\t<\/div>\n\t\t\t\t\t<\/div>\n\t\t\t\t<\/div>\n\t\t<div class=\"elementor-element elementor-element-5a1879c e-flex e-con-boxed e-con e-parent\" data-id=\"5a1879c\" data-element_type=\"container\">\n\t\t\t\t\t<div class=\"e-con-inner\">\n\t\t<div class=\"elementor-element elementor-element-fc02c1b e-con-full e-flex e-con e-child\" data-id=\"fc02c1b\" data-element_type=\"container\">\n\t\t\t\t<div class=\"elementor-element elementor-element-e7405c4 elementor-widget elementor-widget-image\" data-id=\"e7405c4\" data-element_type=\"widget\" data-widget_type=\"image.default\">\n\t\t\t\t<div class=\"elementor-widget-container\">\n\t\t\t\t\t\t\t\t\t\t\t\t\t<img decoding=\"async\" width=\"163\" height=\"204\" src=\"https:\/\/www.pinteritsch.at\/wp-content\/uploads\/2024\/12\/Kopf.jpg\" class=\"attachment-medium size-medium wp-image-1152\" alt=\"\" \/>\t\t\t\t\t\t\t\t\t\t\t\t\t<\/div>\n\t\t\t\t<\/div>\n\t\t\t\t<\/div>\n\t\t<div class=\"elementor-element elementor-element-c260f42 e-con-full e-flex e-con e-child\" data-id=\"c260f42\" data-element_type=\"container\">\n\t\t\t\t<div class=\"elementor-element elementor-element-2b008ec elementor-widget elementor-widget-text-editor\" data-id=\"2b008ec\" data-element_type=\"widget\" data-widget_type=\"text-editor.default\">\n\t\t\t\t<div class=\"elementor-widget-container\">\n\t\t\t\t\t\t\t<p><span style=\"color: #000000;\"><strong>Lekh Pukl in der K\u00e4rntner Woche<\/strong><\/span><\/p><p><span style=\"color: #000000;\">Pinteritsch war seit 1997 Jahrelang als Kolumnenschreiber f\u00fcr die Zeitschrift &#8220;K\u00e4rntner Woche&#8221; t\u00e4tig, wo er w\u00f6chentlich die Kolumne \u201eLekh Pukl\u201c verfasste. <br \/><\/span><\/p>\t\t\t\t\t\t<\/div>\n\t\t\t\t<\/div>\n\t\t\t\t<\/div>\n\t\t\t\t\t<\/div>\n\t\t\t\t<\/div>\n\t\t<div class=\"elementor-element elementor-element-cd1e2ac e-flex e-con-boxed e-con e-parent\" data-id=\"cd1e2ac\" data-element_type=\"container\">\n\t\t\t\t\t<div class=\"e-con-inner\">\n\t\t\t\t<div class=\"elementor-element elementor-element-5fc6752 elementor-widget elementor-widget-text-editor\" data-id=\"5fc6752\" data-element_type=\"widget\" data-widget_type=\"text-editor.default\">\n\t\t\t\t<div class=\"elementor-widget-container\">\n\t\t\t\t\t\t\t<p><span style=\"color: #000000;\">Diese Kolumne war eine Plattform f\u00fcr seine Ansichten und Analysen zu verschiedenen Themen, die die Region K\u00e4rnten betreffen. Die &#8220;K\u00e4rntner Woche&#8221; ist bekannt f\u00fcr ihre lokalen Berichterstattungen und Kommentare, die oft gesellschaftliche, politische und wirtschaftliche Aspekte der Region beleuchten. Pinteritsch hat sich in dieser Zeit einen Ruf als kritischer und einf\u00fchlsamer Kolumnenschreiber erarbeitet, der aktuelle Ereignisse und Entwicklungen in K\u00e4rnten reflektierte.<\/span><\/p>\t\t\t\t\t\t<\/div>\n\t\t\t\t<\/div>\n\t\t\t\t\t<\/div>\n\t\t\t\t<\/div>\n\t\t\t\t<\/div>\n\t\t","protected":false},"excerpt":{"rendered":"<p>\u00a0 \u00a0 \u00a0 Friedrich Pinteritsch, geboren 1950, ist ein \u00f6sterreichischer Dichter, der sowohl in der Lyrik als auch in der Mundart aktiv ist. Lyrik und Mundart Pinteritsch nutzt die Mundart als ein zentrales Element in seiner Dichtung, was ihm erm\u00f6glicht, eine authentische Verbindung zu seinen Lesern herzustellen. Seine Gedichte sind oft gepr\u00e4gt von einem spielerischen [&hellip;]<\/p>\n","protected":false},"author":1,"featured_media":0,"parent":0,"menu_order":0,"comment_status":"closed","ping_status":"closed","template":"","meta":{"footnotes":""},"_links":{"self":[{"href":"https:\/\/www.pinteritsch.at\/index.php?rest_route=\/wp\/v2\/pages\/1146"}],"collection":[{"href":"https:\/\/www.pinteritsch.at\/index.php?rest_route=\/wp\/v2\/pages"}],"about":[{"href":"https:\/\/www.pinteritsch.at\/index.php?rest_route=\/wp\/v2\/types\/page"}],"author":[{"embeddable":true,"href":"https:\/\/www.pinteritsch.at\/index.php?rest_route=\/wp\/v2\/users\/1"}],"replies":[{"embeddable":true,"href":"https:\/\/www.pinteritsch.at\/index.php?rest_route=%2Fwp%2Fv2%2Fcomments&post=1146"}],"version-history":[{"count":13,"href":"https:\/\/www.pinteritsch.at\/index.php?rest_route=\/wp\/v2\/pages\/1146\/revisions"}],"predecessor-version":[{"id":1163,"href":"https:\/\/www.pinteritsch.at\/index.php?rest_route=\/wp\/v2\/pages\/1146\/revisions\/1163"}],"wp:attachment":[{"href":"https:\/\/www.pinteritsch.at\/index.php?rest_route=%2Fwp%2Fv2%2Fmedia&parent=1146"}],"curies":[{"name":"wp","href":"https:\/\/api.w.org\/{rel}","templated":true}]}}